{"id":132,"date":"2018-09-08T21:13:37","date_gmt":"2018-09-08T19:13:37","guid":{"rendered":"http:\/\/micronor.de\/?page_id=132"},"modified":"2018-09-08T21:13:37","modified_gmt":"2018-09-08T19:13:37","slug":"impressum-2","status":"publish","type":"page","link":"https:\/\/micronor.de\/?page_id=132","title":{"rendered":"Impressum"},"content":{"rendered":"<p>IMPRESSUM<\/p>\n<p>Adresse : MICRONOR GmbH<br \/>\nR\u00f6testra\u00dfe 21 72622 Nuertingen<br \/>\nTel: +49 7022 9796773<br \/>\nemail:info@micronor.de<br \/>\nGesch\u00e4ftsf\u00fcher: Erika Hiel<br \/>\nRegistergericht : Stuttgart, HRB 739384<br \/>\nVAT \u2013ID. DE 280977831<\/p>\n<p>Urheberrechte<br \/>\nCopyright Micronor GmbH Alle Rechte vorbehalten. Alle Texte, Bilder, Graphiken, Ton-, Video- und Animationsdateien sowie ihre Arrangements unterliegen dem Urheberrecht und anderen Gesetzen zum Schutz geistigen Eigentums. Sie d\u00fcrfen weder f\u00fcr kommerzielle Zwecke oder zur Weitergabe kopiert, noch ver\u00e4ndert und auf anderen Web-Sites verwendet werden. Einige Internet-Seiten von Micronor GmbH enthalten auch Material, das dem Urheberrecht derjenigen unterliegt, die dieses zur Verf\u00fcgung gestellt haben.<\/p>\n<p>Haftung<br \/>\nDiese Website wurde mit gr\u00f6\u00dftm\u00f6glicher Sorgfalt zusammengestellt. Trotzdem kann keine Gew\u00e4hr f\u00fcr die Fehlerfreiheit und Genauigkeit der enthaltenen Informationen \u00fcbernommen werden. Jegliche Haftung f\u00fcr Sch\u00e4den, die direkt oder indirekt aus der Benutzung dieser Website entstehen, wird ausgeschlossen, soweit diese nicht auf Vorsatz oder grober Fahrl\u00e4ssigkeit beruhen.<br \/>\nSofern von dieser Website auf Internetseiten verwiesen wird, die von Dritten betrieben werden, \u00fcbernimmt MIcronor GmbH keine Verantwortung f\u00fcr deren Inhalte.<\/p>\n<p>Erkl\u00e4rung zum Datenschutz<br \/>\nMicronor GmbH freut sich \u00fcber Ihren Besuch auf unserer Web-Site sowie \u00fcber ihr Interesse an unserem Unternehmen und unseren Produkten. Wir nehmen den Schutz Ihrer privaten Daten sehr ernst und wir m\u00f6chten, dass Sie sich beim Besuch unserer Internet-Seiten wohl f\u00fchlen. Der Schutz Ihrer Privatsph\u00e4re bei der Verarbeitung pers\u00f6nlicher Daten ist f\u00fcr uns ein wichtiges Anliegen, das wir bei unseren Gesch\u00e4ftsprozessen ber\u00fccksichtigen. Wir verarbeiten pers\u00f6nliche Daten, die beim Besuch unserer Webseiten erhoben werden, gem\u00e4ss den datenschutzrechtlichen Bestimmungen des Landes, in dem die f\u00fcr die Datenverarbeitung verantwortliche Stelle sitzt. Unsere Webseiten k\u00f6nnen Links zu Plattformen anderer Anbieter enthalten, auf die sich diese Datenschutzerkl\u00e4rung nicht erstreckt.<\/p>\n<p>Micronor GmbH respektiert Ihre Privat- und Pers\u00f6nlichkeitssph\u00e4re.<\/p>\n<p>Nutzung und Weitergabe pers\u00f6nlicher Daten und Zweckbindung<br \/>\nDie Micronor GmbH nutzt Ihre pers\u00f6nlichen Daten zu Zwecken der technischen Administration der Webseiten, Erhebungen beziehungsweise \u00dcbermittlungen pers\u00f6nlicher Daten an staatliche Einrichtungen und Beh\u00f6rden erfolgen nur im Rahmen zwingender nationaler Rechtsvorschriften. Unsere Mitarbeiter, Hersteller und Dienstleister sind von uns zur Verschwiegenheit und zur Einhaltung unserer Verhaltenskodices verpflichtet.<\/p>\n<p>Auskunftsrecht<br \/>\nAuf Anforderung teilt Ihnen Micronor GmbH m\u00f6glichst umgehend und schriftlich entsprechend des geltenden Rechts mit, ob und welche pers\u00f6nlichen Daten \u00fcber Sie bei uns gespeichert sind. Sollten trotz unserer Bem\u00fchungen um Datenrichtigkeit und Aktualit\u00e4t falsche Informationen gespeichert sein, werden wir diese auf Ihre Aufforderung hin berichtigen.<\/p>\n<p>Sicherheit<br \/>\nMicronor Gmbh setzt technische und organisatorische Sicherheitsma\u00dfnahmen ein, um ihre durch uns verwalteten Daten gegen zuf\u00e4llige oder vors\u00e4tzliche Manipulationen, Verlust, Zerst\u00f6rung oder gegen den Zugriff unberechtigter Personen zu sch\u00fctzen. Unsere Sicherheitsma\u00dfnahmen werden entsprechend der technologischen Entwicklung fortlaufend verbessert. Wenn Sie Fragen hinsichtlich der Verarbeitung ihrer pers\u00f6nlichen Daten haben, k\u00f6nnen Sie sich an unseren Beauftragten f\u00fcr den Datenschutz wenden, der im Falle von Auskunftsersuchen, Anregungen oder Beschwerden zur Verf\u00fcgung steht.<\/p>\n<p>Haftungsbeschr\u00e4nkung: MICRONOR GmbH HAFTET IN KEINEM FALL F\u00dcR IRGENDWELCHE DIREKTEN, INDIREKTEN, ZUF\u00c4LLIGEN, SPEZIELLEN, BEISPIELHAFTEN ODER FOLGESCH\u00c4DEN JEGLICHER ART, WELCHE IM ZUSAMMENHANG MIT DIESER WEBSITE ODER DER NUTZUNG DIESER WEBSEITE VERURSACHT WERDEN, ODER JEDER WEBSITE ODER RESSOURCEN, DIE MIT DIESER WEBSITE VERBUNDEN, AUF DIESE WEBSITE VERBUNDEN SIND ODER AUF SIE ZUR\u00dcCKGELEGT WERDEN, ODER F\u00dcR DIE BENUTZUNG ODER HERUNTERLADEN VON MATERIALIEN, INFORMATIONEN, PRODUKTEN ODER DIENSTLEISTUNGEN, EINSCHLIESSLICH, OHNE EINSCHR\u00c4NKUNG, VERLORENER GEWINNE, UNTERBRECHUNGSINTERRUPTION , VERLORENE EINSPARUNGEN ODER VERLUST VON PROGRAMMEN ODER ANDEREN DATEN, AUCH WENN MICRONOR GmbH AUSDR\u00dcCKLICH AUF DIE M\u00d6GLICHKEIT SOLCHER SCH\u00c4DEN HINGEWIESEN WIRD. DIESER AUSSCHLUSS UND HAFTUNGSAUSSCHLUSS GILT F\u00dcR ALLE M\u00d6GLICHKEITEN, DIE AUF VERTRAG, GEW\u00c4HRLEISTUNG, TOTAL ODER ANDEREN RECHTLICHEN THEORIEN BASIEREN.<\/p>\n","protected":false},"excerpt":{"rendered":"<p>IMPRESSUM Adresse : MICRONOR GmbH R\u00f6testra\u00dfe 21 72622 Nuertingen Tel: +49 7022 9796773 email:info@micronor.de Gesch\u00e4ftsf\u00fcher: Erika Hiel Registergericht : Stuttgart, HRB 739384 VAT \u2013ID. DE 280977831 Urheberrechte Copyright Micronor GmbH Alle Rechte vorbehalten. Alle Texte, Bilder, Graphiken, Ton-, Video- und Animationsdateien sowie ihre Arrangements unterliegen dem Urheberrecht und anderen Gesetzen zum Schutz geistigen Eigentums. Sie [&hellip;]<\/p>\n","protected":false},"author":1,"featured_media":0,"parent":0,"menu_order":0,"comment_status":"closed","ping_status":"closed","template":"","meta":[],"_links":{"self":[{"href":"https:\/\/micronor.de\/index.php?rest_route=\/wp\/v2\/pages\/132"}],"collection":[{"href":"https:\/\/micronor.de\/index.php?rest_route=\/wp\/v2\/pages"}],"about":[{"href":"https:\/\/micronor.de\/index.php?rest_route=\/wp\/v2\/types\/page"}],"author":[{"embeddable":true,"href":"https:\/\/micronor.de\/index.php?rest_route=\/wp\/v2\/users\/1"}],"replies":[{"embeddable":true,"href":"https:\/\/micronor.de\/index.php?rest_route=%2Fwp%2Fv2%2Fcomments&post=132"}],"version-history":[{"count":2,"href":"https:\/\/micronor.de\/index.php?rest_route=\/wp\/v2\/pages\/132\/revisions"}],"predecessor-version":[{"id":338,"href":"https:\/\/micronor.de\/index.php?rest_route=\/wp\/v2\/pages\/132\/revisions\/338"}],"wp:attachment":[{"href":"https:\/\/micronor.de\/index.php?rest_route=%2Fwp%2Fv2%2Fmedia&parent=132"}],"curies":[{"name":"wp","href":"https:\/\/api.w.org\/{rel}","templated":true}]}}