{"id":34,"date":"2018-06-01T12:41:40","date_gmt":"2018-06-01T10:41:40","guid":{"rendered":"http:\/\/localhost\/wordpress2\/?page_id=26"},"modified":"2019-03-19T14:36:09","modified_gmt":"2019-03-19T13:36:09","slug":"startseite-2","status":"publish","type":"page","link":"https:\/\/micronor.de\/","title":{"rendered":"Startseite"},"content":{"rendered":"<h3><\/h3>\n<p>&nbsp;<\/p>\n<h3><strong>MICRONOR GmbH<\/strong><\/h3>\n<p>R\u00f6testra\u00dfe 21<br \/>\nD-72622 N\u00fcrtingen<\/p>\n<a href=\"ma&#105;l&#116;&#111;&#58;&#105;nfo&#64;&#109;&#105;c&#114;&#111;&#110;&#111;&#114;.de\">&#105;n&#102;o&#64;&#109;ic&#114;&#111;&#110;o&#114;&#46;&#100;e<\/a>\n<p>Tel: +49-7022-979-6773<\/p>\n<p>&nbsp;<\/p>\n<p>Wir sind ein herausragender Full Service-Dienstleister und bevorzugter Handelspartner und bieten Ihnen 100 %\u00a0 immune, passive optische Sensoren, Glasfaserhandling, k\u00f6nnen Mikrostrukturen erzeugen, zudem robuste mechanische Positioniersysteme,\u00a0 Retro (aus Alt \u2013 mach Neu)-L\u00f6sungen, Plug &amp; Play, von der Idee bis zur Warenlieferung, u.a. f\u00fcr die Industrie, EMV, Defence, Hochspannung, Bahn, Energie (Wind,\u00d6l,Gas). In enger Zusammenarbeit mit dem Hersteller erhalten Sie von uns individuelle Beratung und Support, bis hin zum praktischen Feldeinsatz.<\/p>\n<p>Ausgepr\u00e4gte Kundenn\u00e4he, sehr hohe Qualit\u00e4t, Flexibilit\u00e4t sowie Schnelligkeit in allen Leistungen zeichnen uns aus. Wir legen Wert auf offene Kommunikation, fairen, respektvollen Umgang und umweltbewu\u00dftes Agieren.<\/p>\n<p>Ihre Entwicklung ist unser Ziel!<\/p>\n<p>&nbsp;<\/p>\n<p><em>SDG.<\/em><\/p>\n","protected":false},"excerpt":{"rendered":"<p>&nbsp; MICRONOR GmbH R\u00f6testra\u00dfe 21 D-72622 N\u00fcrtingen Tel: +49-7022-979-6773 &nbsp; Wir sind ein herausragender Full Service-Dienstleister und bevorzugter Handelspartner und bieten Ihnen 100 %\u00a0 immune, passive optische Sensoren, Glasfaserhandling, k\u00f6nnen Mikrostrukturen erzeugen, zudem robuste mechanische Positioniersysteme,\u00a0 Retro (aus Alt \u2013 mach Neu)-L\u00f6sungen, Plug &amp; Play, von der Idee bis zur Warenlieferung, u.a. f\u00fcr die Industrie, [&hellip;]<\/p>\n","protected":false},"author":1,"featured_media":0,"parent":0,"menu_order":0,"comment_status":"closed","ping_status":"closed","template":"","meta":[],"_links":{"self":[{"href":"https:\/\/micronor.de\/index.php?rest_route=\/wp\/v2\/pages\/34"}],"collection":[{"href":"https:\/\/micronor.de\/index.php?rest_route=\/wp\/v2\/pages"}],"about":[{"href":"https:\/\/micronor.de\/index.php?rest_route=\/wp\/v2\/types\/page"}],"author":[{"embeddable":true,"href":"https:\/\/micronor.de\/index.php?rest_route=\/wp\/v2\/users\/1"}],"replies":[{"embeddable":true,"href":"https:\/\/micronor.de\/index.php?rest_route=%2Fwp%2Fv2%2Fcomments&post=34"}],"version-history":[{"count":12,"href":"https:\/\/micronor.de\/index.php?rest_route=\/wp\/v2\/pages\/34\/revisions"}],"predecessor-version":[{"id":610,"href":"https:\/\/micronor.de\/index.php?rest_route=\/wp\/v2\/pages\/34\/revisions\/610"}],"wp:attachment":[{"href":"https:\/\/micronor.de\/index.php?rest_route=%2Fwp%2Fv2%2Fmedia&parent=34"}],"curies":[{"name":"wp","href":"https:\/\/api.w.org\/{rel}","templated":true}]}}